{"id":19,"date":"2013-03-07T22:38:52","date_gmt":"2013-03-07T22:38:52","guid":{"rendered":"http:\/\/communication-caritashaiti.org\/?page_id=19"},"modified":"2016-01-26T18:04:37","modified_gmt":"2016-01-26T18:04:37","slug":"programmes-et-projets","status":"publish","type":"page","link":"https:\/\/communication-caritashaiti.org\/?page_id=19","title":{"rendered":"Domaines"},"content":{"rendered":"<p>Trois domaines d\u2019intervention<\/p>\n<ul>\n<li><strong>D\u00e9veloppement<\/strong><\/li>\n<\/ul>\n<p>En septembre 2014, lors d\u2019un atelier de r\u00e9flexion strat\u00e9gique, tenant compte du contexte actuel, les cadres techniques du r\u00e9seau ont r\u00e9vis\u00e9 les secteurs d\u2019activit\u00e9s du domaine D\u00e9veloppement et les ont prioris\u00e9s par pertinence et immanence.<\/p>\n<ol>\n<li>S\u00e9curit\u00e9 alimentaire<\/li>\n<li>Agriculture-Environnement et P\u00eache ;<\/li>\n<li>Sant\u00e9 et Nutrition ;<\/li>\n<li>Economie Solidaire ;<\/li>\n<li>Logement et Infrastructures ;<\/li>\n<li>Eau Potable et Assainissement ;<\/li>\n<\/ol>\n<ul>\n<li><strong>Gestion des Risques et des d\u00e9sastres\u00a0(GRD)<\/strong> ;<\/li>\n<li><strong>D\u00e9veloppement Institutionnel et Renforcement Organisationnel (DIRO)<\/strong>.<\/li>\n<\/ul>\n","protected":false},"excerpt":{"rendered":"<p>Trois domaines d\u2019intervention D\u00e9veloppement En septembre 2014, lors d\u2019un atelier de r\u00e9flexion strat\u00e9gique, tenant compte du contexte actuel, les cadres techniques du r\u00e9seau ont r\u00e9vis\u00e9 les secteurs d\u2019activit\u00e9s du domaine D\u00e9veloppement et les ont prioris\u00e9s par pertinence et immanence. S\u00e9curit\u00e9 alimentaire Agriculture-Environnement et P\u00eache ; Sant\u00e9 et Nutrition ; Economie Solidaire ; Logement et Infrastructures [&hellip;]<\/p>\n","protected":false},"author":1,"featured_media":0,"parent":0,"menu_order":0,"comment_status":"open","ping_status":"open","template":"","meta":{"footnotes":""},"class_list":["post-19","page","type-page","status-publish","hentry"],"_links":{"self":[{"href":"https:\/\/communication-caritashaiti.org\/index.php?rest_route=\/wp\/v2\/pages\/19","targetHints":{"allow":["GET"]}}],"collection":[{"href":"https:\/\/communication-caritashaiti.org\/index.php?rest_route=\/wp\/v2\/pages"}],"about":[{"href":"https:\/\/communication-caritashaiti.org\/index.php?rest_route=\/wp\/v2\/types\/page"}],"author":[{"embeddable":true,"href":"https:\/\/communication-caritashaiti.org\/index.php?rest_route=\/wp\/v2\/users\/1"}],"replies":[{"embeddable":true,"href":"https:\/\/communication-caritashaiti.org\/index.php?rest_route=%2Fwp%2Fv2%2Fcomments&post=19"}],"version-history":[{"count":5,"href":"https:\/\/communication-caritashaiti.org\/index.php?rest_route=\/wp\/v2\/pages\/19\/revisions"}],"predecessor-version":[{"id":196,"href":"https:\/\/communication-caritashaiti.org\/index.php?rest_route=\/wp\/v2\/pages\/19\/revisions\/196"}],"wp:attachment":[{"href":"https:\/\/communication-caritashaiti.org\/index.php?rest_route=%2Fwp%2Fv2%2Fmedia&parent=19"}],"curies":[{"name":"wp","href":"https:\/\/api.w.org\/{rel}","templated":true}]}}