{"id":16,"date":"2013-03-07T22:35:42","date_gmt":"2013-03-07T22:35:42","guid":{"rendered":"http:\/\/communication-caritashaiti.org\/?page_id=16"},"modified":"2016-01-26T18:13:02","modified_gmt":"2016-01-26T18:13:02","slug":"nos-actions","status":"publish","type":"page","link":"https:\/\/communication-caritashaiti.org\/?page_id=16","title":{"rendered":"Nos Actions"},"content":{"rendered":"<p><strong>Contexte et approche d\u2019intervention<\/strong><\/p>\n<p>Caritas Haiti intervient aux c\u00f4t\u00e9s d\u2019autres organisations humanitaires et de d\u00e9veloppement pour appuyer la lutte contre la pauvret\u00e9, les in\u00e9galit\u00e9s et l\u2019exclusion. L\u2019ann\u00e9e fiscale 2014 -2015 n\u2019a pas \u00e9t\u00e9 diff\u00e9rente des ann\u00e9es pr\u00e9c\u00e9dentes. A l\u2019instar des autres acteurs, Caritas constate la d\u00e9gradation du niveau de vie de la population ha\u00eftienne et une certaine l\u00e9thargie de la soci\u00e9t\u00e9 civile vis-\u00e0-vis de cette situation. La situation socio-\u00e9conomique et surtout politique demeure une pr\u00e9occupation pour les acteurs.<\/p>\n<p>Selon un rapport publi\u00e9 r\u00e9cemment (d\u00e9cembre 2014) par la Banque Mondiale, l\u2019Observatoire National de la Pauvret\u00e9 et de l\u2019Exclusion Sociale (ONPES) et le Minist\u00e8re de la Planification et de la Coop\u00e9ration\u00a0Externe (MPCE)<a href=\"#_ftn1\" name=\"_ftnref1\">[1]<\/a>, Haiti demeure un des pays les plus pauvres et le plus in\u00e9galitaire d\u2019Am\u00e9rique Latine (6.3 millions de pauvres soit 58.5% de la population et parmi eux, 2.5 millions ne pouvant pas se nourrir correctement).\u00a0 Avec une population de 10.4 millions d\u2019habitants vivant sur une superficie de 27,750 km2, la pauvret\u00e9 est toujours plus \u00e9lev\u00e9e en milieu rural o\u00f9 se concentre 53 % de la population et touche majoritairement les femmes.<\/p>\n<p>La vuln\u00e9rabilit\u00e9 est \u00e0 un niveau assez \u00e9lev\u00e9 en Haiti. Pr\u00e8s de 70% de la population est pauvre ou bien sous la menace de la pauvret\u00e9. Seulement 2% de la population vit avec un budget d\u2019au moins 10 dollars par jour, seuil indiquant la classe moyenne en Am\u00e9rique Latine. Cette pauvret\u00e9 mon\u00e9taire qui s\u2019explique par un fort taux de ch\u00f4mage frappe beaucoup plus les femmes que les hommes. Consid\u00e9r\u00e9 par sexe, le taux d\u2019occupation est de 66,9 % chez les hommes et de 62,2 % femmes.<\/p>\n<p>D\u2019un autre c\u00f4t\u00e9, Caritas Haiti reprend graduellement confiance en sa capacit\u00e9 apr\u00e8s une crise institutionnelle n\u00e9e de l\u2019affaiblissement du r\u00e9seau apr\u00e8s la r\u00e9ponse post-s\u00e9isme 12 janvier 2010. Les audits institutionnels et financiers ainsi que l\u2019\u00e9valuation mixte du programme post-s\u00e9isme ont tabl\u00e9 d\u2019une part sur l\u2019efficacit\u00e9 du r\u00e9seau Caritas, mais d\u2019autre part, sur les faiblesses du syst\u00e8me de gestion financi\u00e8re et administrative.<\/p>\n<p>Ainsi donc, l\u2019ann\u00e9e 2014-2015 a\u00a0\u00e9t\u00e9 consacr\u00e9 \u00e0 un diagnostic approfondi du syst\u00e8me de gestion et d\u2019information en vue de sa consolidation. Cette volont\u00e9 politique a retenu l\u2019attention des partenaires, lesquels ont confi\u00e9 \u00e0 Caritas la gestion d\u2019un vaste programme d\u2019appui \u00e0 la s\u00e9curit\u00e9 alimentaire, axe prioritaire de travail pour l\u2019ann\u00e9e. Ce programme a donn\u00e9 et continue de donner toute sa visibilit\u00e9 \u00e0 la campagne contre la faim initi\u00e9 fin 2013. A l\u2019issue de ce programme Caritas \u00e9laborera sa strat\u00e9gie et son plan de plaidoyer pour le droit \u00e0 l\u2019alimentation.<\/p>\n<p>Il faut dire qu\u2019Ha\u00efti est fortement affect\u00e9 par l\u2019ins\u00e9curit\u00e9 et l\u2019insuffisance alimentaires. La disponibilit\u00e9 alimentaire est insuffisante dans le pays. Le niveau d\u2019acc\u00e8s est inad\u00e9quat et l\u2019environnement sanitaire ne favorise pas l\u2019utilisation biologique optimale des aliments. Selon un rapport publi\u00e9 par la Plate-forme\u00a0nationale de la s\u00e9curit\u00e9 alimentaire (PNFSA) en 2005, il existe un d\u00e9ficit de 15,4 % au niveau de l\u2019offre alimentaire en Ha\u00efti.<\/p>\n<p>Selon la Coordination Nationale de la S\u00e9curit\u00e9 Alimentaire (CNSA), 45% de la population ha\u00eftienne, soit 4.5 millions de personnes, vivaient en situation d\u2019ins\u00e9curit\u00e9 alimentaire en 2011. Apr\u00e8s le s\u00e9isme, l\u2019ins\u00e9curit\u00e9 alimentaire est plus \u00e9lev\u00e9e dans la zone rurale mais demeure aussi pr\u00e9occupante dans l\u2019aire m\u00e9tropolitaine de Port-au-Prince, sp\u00e9cialement chez les m\u00e9nages d\u00e9plac\u00e9s, selon la CNSA.<\/p>\n<p>Au regard des diff\u00e9rents niveaux de vuln\u00e9rabilit\u00e9 auxquels le pays fait face depuis plusieurs d\u00e9cennies, la Caritas Ha\u00efti s\u2019est donn\u00e9e un r\u00e9seau dense d\u2019acteurs form\u00e9 de bureaux dioc\u00e9sains, de Caritas paroissiales (KP)\u00a0 et d\u2019organisations communautaires de base\u00a0 en vue de r\u00e9pondre ad\u00e9quatement aux urgences et d\u2019accompagner les communaut\u00e9s rurales et urbaines dans le processus de d\u00e9veloppement local ax\u00e9 essentiellement sur\u00a0la bonification de l\u2019offre de services sociaux, l\u2019am\u00e9lioration de l\u2019acc\u00e8s aux revenus et l\u2019exploitation et la gestion durable des ressources environnementales.<\/p>\n<p>&nbsp;<\/p>\n<p>&nbsp;<\/p>\n<p><a href=\"#_ftnref1\" name=\"_ftn1\"><em><strong>[1]<\/strong><\/em><\/a><em> Haiti: investir dans l\u2019humain pour combattre la pauvret\u00e9<\/em> (R\u00e9sum\u00e9), d\u00e9cembre 2014, texte \u00a0disponible sur le site de la banque mondiale, <a href=\"http:\/\/www.worldbank.org\/content\/dam\/Worldbank\/document\/Poverty%20documents\/WB_Haiti_overview_FR_FINAL.pdf\">http:\/\/www.worldbank.org\/content\/dam\/Worldbank\/document\/Poverty%20documents\/WB_Haiti_overview_FR_FINAL.pdf<\/a>. Le Rapport complet sera publi\u00e9 en 2015.<\/p>\n<p>&nbsp;<\/p>\n","protected":false},"excerpt":{"rendered":"<p>Contexte et approche d\u2019intervention Caritas Haiti intervient aux c\u00f4t\u00e9s d\u2019autres organisations humanitaires et de d\u00e9veloppement pour appuyer la lutte contre la pauvret\u00e9, les in\u00e9galit\u00e9s et l\u2019exclusion. L\u2019ann\u00e9e fiscale 2014 -2015 n\u2019a pas \u00e9t\u00e9 diff\u00e9rente des ann\u00e9es pr\u00e9c\u00e9dentes. A l\u2019instar des autres acteurs, Caritas constate la d\u00e9gradation du niveau de vie de la population ha\u00eftienne et [&hellip;]<\/p>\n","protected":false},"author":1,"featured_media":0,"parent":0,"menu_order":0,"comment_status":"open","ping_status":"open","template":"","meta":{"footnotes":""},"class_list":["post-16","page","type-page","status-publish","hentry"],"_links":{"self":[{"href":"https:\/\/communication-caritashaiti.org\/index.php?rest_route=\/wp\/v2\/pages\/16","targetHints":{"allow":["GET"]}}],"collection":[{"href":"https:\/\/communication-caritashaiti.org\/index.php?rest_route=\/wp\/v2\/pages"}],"about":[{"href":"https:\/\/communication-caritashaiti.org\/index.php?rest_route=\/wp\/v2\/types\/page"}],"author":[{"embeddable":true,"href":"https:\/\/communication-caritashaiti.org\/index.php?rest_route=\/wp\/v2\/users\/1"}],"replies":[{"embeddable":true,"href":"https:\/\/communication-caritashaiti.org\/index.php?rest_route=%2Fwp%2Fv2%2Fcomments&post=16"}],"version-history":[{"count":3,"href":"https:\/\/communication-caritashaiti.org\/index.php?rest_route=\/wp\/v2\/pages\/16\/revisions"}],"predecessor-version":[{"id":198,"href":"https:\/\/communication-caritashaiti.org\/index.php?rest_route=\/wp\/v2\/pages\/16\/revisions\/198"}],"wp:attachment":[{"href":"https:\/\/communication-caritashaiti.org\/index.php?rest_route=%2Fwp%2Fv2%2Fmedia&parent=16"}],"curies":[{"name":"wp","href":"https:\/\/api.w.org\/{rel}","templated":true}]}}