{"id":2,"date":"2013-03-06T15:44:15","date_gmt":"2013-03-06T20:44:15","guid":{"rendered":"http:\/\/communication-caritashaiti.org\/?page_id=2"},"modified":"2013-03-08T22:18:19","modified_gmt":"2013-03-08T22:18:19","slug":"sample-page","status":"publish","type":"page","link":"http:\/\/communication-caritashaiti.org\/?page_id=2","title":{"rendered":"Pr\u00e9sentation"},"content":{"rendered":"<p><strong>Caritas Ha\u00efti<\/strong><br \/>\nCaritas Ha\u00efti est une institution sociale cr\u00e9\u00e9e en 1975 par la Conf\u00e9rence des Ev\u00eaques d&rsquo;Ha\u00efti dont la mission est de promouvoir des manifestations concr\u00e8tes de construction d&rsquo;une soci\u00e9t\u00e9 plus solidaire et plus juste.<br \/>\nFond\u00e9e pour aller au secours des exclus de la soci\u00e9t\u00e9, la Caritas d\u00e9butera ses activit\u00e9s par des \u0153uvres humanitaires d\u2019assistance : don de nourriture, octroi de m\u00e9dicaments, gestion de cafeteria, no\u00ebl des pauvres. Au fil du temps et en fonction des conjonctures sociopolitiques, sans pour autant laisser de c\u00f4t\u00e9 ces \u0153uvres, elle va privil\u00e9gier des initiatives de promotion.<\/p>\n<p>Partant du principe qu\u2019il vaut mieux enseigner la p\u00eache au pauvre que de lui donner du poisson, la Caritas a d\u00e9cid\u00e9 de s\u2019engager dans l\u2019accompagnement des communaut\u00e9s, pour qu\u2019elles deviennent protagonistes de leur propre d\u00e9veloppement. \u00ab L\u00e8ve-toi, prends ton brancard et marche ! \u00bb, a d\u00e9clar\u00e9 J\u00e9sus au paralytique. Animation et organisation deviennent des pr\u00e9-requis pour ses interventions techniques. C\u2019est ainsi que tous les programmes et sous-programmes s\u2019adressent \u00e0 des publics sp\u00e9cifiquement organis\u00e9s : groupements de femmes, groupements de planteurs, comit\u00e9s d\u2019irrigants, groupes de cr\u00e9dit, mutuelles de solidarit\u00e9, comit\u00e9 de sant\u00e9, clubs de m\u00e8res\u2026<\/p>\n<blockquote><p><strong>Composition<\/strong><br \/>\nCaritas Ha\u00efti rel\u00e8ve de l\u2019autorit\u00e9 de la Conf\u00e9rence Episcopale et comprend les organes de direction suivants :<br \/>\n\u2022 L\u2019Assembl\u00e9e G\u00e9n\u00e9rale<br \/>\n\u2022 Le Comit\u00e9 Ex\u00e9cutif<br \/>\n\u2022 Le Bureau National <\/p><\/blockquote>\n<p><strong>Nos valeurs<\/strong><br \/>\nEn fonction m\u00eame de sa mission, les valeurs de la Caritas Ha\u00efti sont clairement d\u00e9finies :<br \/>\n\u2022 Respect de la personne humaine comme co-cr\u00e9ateur ;<br \/>\n\u2022 consid\u00e9ration \u00e9gale pour toute personne, homme ou femme ;<br \/>\n\u2022 promotion de la justice sociale ;<br \/>\n\u2022 promotion de la solidarit\u00e9 au sein des communaut\u00e9s ;<br \/>\n\u2022 consid\u00e9ration du travail comme un facteur de dignit\u00e9 pour l\u2019homme ;<br \/>\n\u2022 \u00e9quilibre entre comp\u00e9tence et honn\u00eatet\u00e9 professionnelle ;<br \/>\nDans toutes leurs actions, les collaborateurs de la Caritas devront int\u00e9grer ces valeurs et en faire la promotion aupr\u00e8s des groupes de base ou des communaut\u00e9s o\u00f9 ils interviennent.<\/p>\n<p><strong>Nos Objectifs<\/strong><br \/>\nComme libell\u00e9 dans les statuts, la Caritas Ha\u00efti a pour objectifs :<br \/>\n\u2022d\u2019\u00e9tudier, avec d\u2019autres organes de l\u2019Eglise et d\u2019autres institutions, les probl\u00e8mes pos\u00e9s par la mis\u00e8re dans le monde et en Ha\u00efti, d\u2019en rechercher les causes, de proposer des solutions conformes \u00e0 la justice et \u00e0 la dignit\u00e9 de la personne humaine ;<br \/>\n\u2022de contribuer, avec l\u2019Ev\u00eaque du lieu, \u00e0 la cr\u00e9ation ou au d\u00e9veloppement des Caritas dioc\u00e9saines et paroissiales ;<br \/>\n\u2022de participer aux efforts des populations pour am\u00e9liorer leurs conditions de vie individuelles et collectives, en vue du plein \u00e9panouissement de la personne humaine ;<br \/>\n\u2022de promouvoir, \u00e0 cet effet, une strat\u00e9gie d\u2019ensemble des projets de d\u00e9veloppement en accordant la priorit\u00e9 aux populations pauvres, sous-d\u00e9velopp\u00e9es et exploit\u00e9es dans les communaut\u00e9s rurales et urbaines.<br \/>\n\u2022de stimuler et de coordonner les activit\u00e9s de secours et de r\u00e9habilitation \u00e0 travers les institutions de service humanitaire en cas de catastrophes naturelles ou provoqu\u00e9es par la volont\u00e9 humaine ;<br \/>\n\u2022de repr\u00e9senter les membres actifs tant sur le plan interconfessionnel, national et international et de r\u00e9aliser, autant que possible, la coop\u00e9ration avec les autres organismes nationaux et internationaux de d\u00e9veloppement et de service humanitaire.<\/p>\n","protected":false},"excerpt":{"rendered":"<p>Caritas Ha\u00efti Caritas Ha\u00efti est une institution sociale cr\u00e9\u00e9e en 1975 par la Conf\u00e9rence des Ev\u00eaques d&rsquo;Ha\u00efti dont la mission est de promouvoir des manifestations concr\u00e8tes de construction d&rsquo;une soci\u00e9t\u00e9 plus solidaire et plus juste. Fond\u00e9e pour aller au secours des exclus de la soci\u00e9t\u00e9, la Caritas d\u00e9butera ses activit\u00e9s par des \u0153uvres humanitaires d\u2019assistance [&hellip;]<\/p>\n","protected":false},"author":1,"featured_media":0,"parent":0,"menu_order":0,"comment_status":"open","ping_status":"open","template":"","meta":{"footnotes":""},"class_list":["post-2","page","type-page","status-publish","hentry"],"_links":{"self":[{"href":"http:\/\/communication-caritashaiti.org\/index.php?rest_route=\/wp\/v2\/pages\/2","targetHints":{"allow":["GET"]}}],"collection":[{"href":"http:\/\/communication-caritashaiti.org\/index.php?rest_route=\/wp\/v2\/pages"}],"about":[{"href":"http:\/\/communication-caritashaiti.org\/index.php?rest_route=\/wp\/v2\/types\/page"}],"author":[{"embeddable":true,"href":"http:\/\/communication-caritashaiti.org\/index.php?rest_route=\/wp\/v2\/users\/1"}],"replies":[{"embeddable":true,"href":"http:\/\/communication-caritashaiti.org\/index.php?rest_route=%2Fwp%2Fv2%2Fcomments&post=2"}],"version-history":[{"count":3,"href":"http:\/\/communication-caritashaiti.org\/index.php?rest_route=\/wp\/v2\/pages\/2\/revisions"}],"predecessor-version":[{"id":11,"href":"http:\/\/communication-caritashaiti.org\/index.php?rest_route=\/wp\/v2\/pages\/2\/revisions\/11"}],"wp:attachment":[{"href":"http:\/\/communication-caritashaiti.org\/index.php?rest_route=%2Fwp%2Fv2%2Fmedia&parent=2"}],"curies":[{"name":"wp","href":"https:\/\/api.w.org\/{rel}","templated":true}]}}